{"id":212,"date":"2021-07-06T10:46:28","date_gmt":"2021-07-06T08:46:28","guid":{"rendered":"https:\/\/wp-cp.youco-it.com\/?page_id=212"},"modified":"2021-07-06T11:04:51","modified_gmt":"2021-07-06T09:04:51","slug":"agb","status":"publish","type":"page","link":"https:\/\/www.ecstatic-curie.82-165-57-75.plesk.page\/?page_id=212","title":{"rendered":"AGB"},"content":{"rendered":"\t\t<div data-elementor-type=\"wp-page\" data-elementor-id=\"212\" class=\"elementor elementor-212\">\n\t\t\t\t\t\t<section class=\"elementor-section elementor-top-section elementor-element elementor-element-c22e640 elementor-section-boxed elementor-section-height-default elementor-section-height-default\" data-id=\"c22e640\" data-element_type=\"section\" data-settings=\"{&quot;background_background&quot;:&quot;classic&quot;}\">\n\t\t\t\t\t\t\t<div class=\"elementor-background-overlay\"><\/div>\n\t\t\t\t\t\t\t<div class=\"elementor-container elementor-column-gap-default\">\n\t\t\t\t\t<div class=\"elementor-column elementor-col-100 elementor-top-column elementor-element elementor-element-c6b5e64\" data-id=\"c6b5e64\" data-element_type=\"column\">\n\t\t\t<div class=\"elementor-widget-wrap elementor-element-populated\">\n\t\t\t\t\t\t<div class=\"elementor-element elementor-element-819ffb9 elementor-widget elementor-widget-spacer\" data-id=\"819ffb9\" data-element_type=\"widget\" data-widget_type=\"spacer.default\">\n\t\t\t\t<div class=\"elementor-widget-container\">\n\t\t\t\t\t\t\t<div class=\"elementor-spacer\">\n\t\t\t<div class=\"elementor-spacer-inner\"><\/div>\n\t\t<\/div>\n\t\t\t\t\t\t<\/div>\n\t\t\t\t<\/div>\n\t\t\t\t<div class=\"elementor-element elementor-element-d3d1aa3 elementor-widget elementor-widget-heading\" data-id=\"d3d1aa3\" data-element_type=\"widget\" data-widget_type=\"heading.default\">\n\t\t\t\t<div class=\"elementor-widget-container\">\n\t\t\t\t\t<h2 class=\"elementor-heading-title elementor-size-default\">Allgemeine gesch\u00e4ftsbedingungen<\/h2>\t\t\t\t<\/div>\n\t\t\t\t<\/div>\n\t\t\t\t<div class=\"elementor-element elementor-element-84bb04a elementor-widget elementor-widget-spacer\" data-id=\"84bb04a\" data-element_type=\"widget\" data-widget_type=\"spacer.default\">\n\t\t\t\t<div class=\"elementor-widget-container\">\n\t\t\t\t\t\t\t<div class=\"elementor-spacer\">\n\t\t\t<div class=\"elementor-spacer-inner\"><\/div>\n\t\t<\/div>\n\t\t\t\t\t\t<\/div>\n\t\t\t\t<\/div>\n\t\t\t\t\t<\/div>\n\t\t<\/div>\n\t\t\t\t\t<\/div>\n\t\t<\/section>\n\t\t\t\t<section class=\"elementor-section elementor-top-section elementor-element elementor-element-446cc48 elementor-section-boxed elementor-section-height-default elementor-section-height-default\" data-id=\"446cc48\" data-element_type=\"section\" data-settings=\"{&quot;background_background&quot;:&quot;classic&quot;}\">\n\t\t\t\t\t\t<div class=\"elementor-container elementor-column-gap-default\">\n\t\t\t\t\t<div class=\"elementor-column elementor-col-100 elementor-top-column elementor-element elementor-element-22aae34\" data-id=\"22aae34\" data-element_type=\"column\">\n\t\t\t<div class=\"elementor-widget-wrap elementor-element-populated\">\n\t\t\t\t\t\t<div class=\"elementor-element elementor-element-b0bb966 elementor-widget elementor-widget-text-editor\" data-id=\"b0bb966\" data-element_type=\"widget\" data-widget_type=\"text-editor.default\">\n\t\t\t\t<div class=\"elementor-widget-container\">\n\t\t\t\t\t\t\t\t\t<h2 _ngcontent-bfc-c5=\"\">Allgemeine Gesch\u00e4ftsbedingungen<\/h2><p _ngcontent-bfc-c5=\"\">Kontaktieren Sie uns, falls Sie einen Einblick in die AGB haben m\u00f6chten.<\/p>\t\t\t\t\t\t\t\t<\/div>\n\t\t\t\t<\/div>\n\t\t\t\t<div class=\"elementor-element elementor-element-423635c elementor-widget-divider--view-line elementor-widget elementor-widget-divider\" data-id=\"423635c\" data-element_type=\"widget\" data-widget_type=\"divider.default\">\n\t\t\t\t<div class=\"elementor-widget-container\">\n\t\t\t\t\t\t\t<div class=\"elementor-divider\">\n\t\t\t<span class=\"elementor-divider-separator\">\n\t\t\t\t\t\t<\/span>\n\t\t<\/div>\n\t\t\t\t\t\t<\/div>\n\t\t\t\t<\/div>\n\t\t\t\t<div class=\"elementor-element elementor-element-8715894 elementor-align-left elementor-widget elementor-widget-button\" data-id=\"8715894\" data-element_type=\"widget\" data-widget_type=\"button.default\">\n\t\t\t\t<div class=\"elementor-widget-container\">\n\t\t\t\t\t\t\t\t\t<div class=\"elementor-button-wrapper\">\n\t\t\t\t\t<a class=\"elementor-button elementor-button-link elementor-size-sm\" href=\"https:\/\/www.ecstatic-curie.82-165-57-75.plesk.page\/\">\n\t\t\t\t\t\t<span class=\"elementor-button-content-wrapper\">\n\t\t\t\t\t\t\t\t\t<span class=\"elementor-button-text\">Zur\u00fcck zur startseite<\/span>\n\t\t\t\t\t<\/span>\n\t\t\t\t\t<\/a>\n\t\t\t\t<\/div>\n\t\t\t\t\t\t\t\t<\/div>\n\t\t\t\t<\/div>\n\t\t\t\t\t<\/div>\n\t\t<\/div>\n\t\t\t\t\t<\/div>\n\t\t<\/section>\n\t\t\t\t<section class=\"elementor-section elementor-top-section elementor-element elementor-element-eed93ec elementor-section-boxed elementor-section-height-default elementor-section-height-default\" data-id=\"eed93ec\" data-element_type=\"section\" data-settings=\"{&quot;background_background&quot;:&quot;classic&quot;}\">\n\t\t\t\t\t\t<div class=\"elementor-container elementor-column-gap-default\">\n\t\t\t\t\t<div class=\"elementor-column elementor-col-100 elementor-top-column elementor-element elementor-element-7bb73ae\" data-id=\"7bb73ae\" data-element_type=\"column\">\n\t\t\t<div class=\"elementor-widget-wrap elementor-element-populated\">\n\t\t\t\t\t\t<div class=\"elementor-element elementor-element-421b568 elementor-widget elementor-widget-spacer\" data-id=\"421b568\" data-element_type=\"widget\" data-widget_type=\"spacer.default\">\n\t\t\t\t<div class=\"elementor-widget-container\">\n\t\t\t\t\t\t\t<div class=\"elementor-spacer\">\n\t\t\t<div class=\"elementor-spacer-inner\"><\/div>\n\t\t<\/div>\n\t\t\t\t\t\t<\/div>\n\t\t\t\t<\/div>\n\t\t\t\t<section class=\"elementor-section elementor-inner-section elementor-element elementor-element-5535c70 elementor-section-boxed elementor-section-height-default elementor-section-height-default\" data-id=\"5535c70\" data-element_type=\"section\">\n\t\t\t\t\t\t<div class=\"elementor-container elementor-column-gap-default\">\n\t\t\t\t\t<div class=\"elementor-column elementor-col-25 elementor-inner-column elementor-element elementor-element-febf680\" data-id=\"febf680\" data-element_type=\"column\">\n\t\t\t<div class=\"elementor-widget-wrap elementor-element-populated\">\n\t\t\t\t\t\t<div class=\"elementor-element elementor-element-8036ae5 elementor-widget elementor-widget-image\" data-id=\"8036ae5\" data-element_type=\"widget\" data-widget_type=\"image.default\">\n\t\t\t\t<div class=\"elementor-widget-container\">\n\t\t\t\t\t\t\t\t\t\t\t\t\t\t\t<img decoding=\"async\" width=\"500\" height=\"90\" src=\"https:\/\/www.ecstatic-curie.82-165-57-75.plesk.page\/wp-content\/uploads\/2021\/06\/logo.png\" class=\"attachment-large size-large wp-image-55\" alt=\"\" srcset=\"https:\/\/www.ecstatic-curie.82-165-57-75.plesk.page\/wp-content\/uploads\/2021\/06\/logo.png 500w, https:\/\/www.ecstatic-curie.82-165-57-75.plesk.page\/wp-content\/uploads\/2021\/06\/logo-300x54.png 300w\" sizes=\"(max-width: 500px) 100vw, 500px\" \/>\t\t\t\t\t\t\t\t\t\t\t\t\t\t\t<\/div>\n\t\t\t\t<\/div>\n\t\t\t\t\t<\/div>\n\t\t<\/div>\n\t\t\t\t<div class=\"elementor-column elementor-col-25 elementor-inner-column elementor-element elementor-element-3e448a8\" data-id=\"3e448a8\" data-element_type=\"column\">\n\t\t\t<div class=\"elementor-widget-wrap elementor-element-populated\">\n\t\t\t\t\t\t<div class=\"elementor-element elementor-element-67ddb5b elementor-widget elementor-widget-heading\" data-id=\"67ddb5b\" data-element_type=\"widget\" data-widget_type=\"heading.default\">\n\t\t\t\t<div class=\"elementor-widget-container\">\n\t\t\t\t\t<h2 class=\"elementor-heading-title elementor-size-default\">Links<\/h2>\t\t\t\t<\/div>\n\t\t\t\t<\/div>\n\t\t\t\t<div class=\"elementor-element elementor-element-f41ae15 elementor-align-center elementor-widget elementor-widget-button\" data-id=\"f41ae15\" data-element_type=\"widget\" data-widget_type=\"button.default\">\n\t\t\t\t<div class=\"elementor-widget-container\">\n\t\t\t\t\t\t\t\t\t<div class=\"elementor-button-wrapper\">\n\t\t\t\t\t<a class=\"elementor-button elementor-button-link elementor-size-sm\" href=\"#about\">\n\t\t\t\t\t\t<span class=\"elementor-button-content-wrapper\">\n\t\t\t\t\t\t\t\t\t<span class=\"elementor-button-text\">Home<\/span>\n\t\t\t\t\t<\/span>\n\t\t\t\t\t<\/a>\n\t\t\t\t<\/div>\n\t\t\t\t\t\t\t\t<\/div>\n\t\t\t\t<\/div>\n\t\t\t\t<div class=\"elementor-element elementor-element-b0c2b04 elementor-align-center elementor-widget elementor-widget-button\" data-id=\"b0c2b04\" data-element_type=\"widget\" data-widget_type=\"button.default\">\n\t\t\t\t<div class=\"elementor-widget-container\">\n\t\t\t\t\t\t\t\t\t<div class=\"elementor-button-wrapper\">\n\t\t\t\t\t<a class=\"elementor-button elementor-button-link elementor-size-sm\" href=\"#contact\">\n\t\t\t\t\t\t<span class=\"elementor-button-content-wrapper\">\n\t\t\t\t\t\t\t\t\t<span class=\"elementor-button-text\">Kontakt<\/span>\n\t\t\t\t\t<\/span>\n\t\t\t\t\t<\/a>\n\t\t\t\t<\/div>\n\t\t\t\t\t\t\t\t<\/div>\n\t\t\t\t<\/div>\n\t\t\t\t\t<\/div>\n\t\t<\/div>\n\t\t\t\t<div class=\"elementor-column elementor-col-25 elementor-inner-column elementor-element elementor-element-a8be2dd\" data-id=\"a8be2dd\" data-element_type=\"column\">\n\t\t\t<div class=\"elementor-widget-wrap elementor-element-populated\">\n\t\t\t\t\t\t<div class=\"elementor-element elementor-element-ae3c056 elementor-widget elementor-widget-heading\" data-id=\"ae3c056\" data-element_type=\"widget\" data-widget_type=\"heading.default\">\n\t\t\t\t<div class=\"elementor-widget-container\">\n\t\t\t\t\t<h2 class=\"elementor-heading-title elementor-size-default\">Information<\/h2>\t\t\t\t<\/div>\n\t\t\t\t<\/div>\n\t\t\t\t<div class=\"elementor-element elementor-element-543a96a elementor-align-center elementor-widget elementor-widget-button\" data-id=\"543a96a\" data-element_type=\"widget\" data-widget_type=\"button.default\">\n\t\t\t\t<div class=\"elementor-widget-container\">\n\t\t\t\t\t\t\t\t\t<div class=\"elementor-button-wrapper\">\n\t\t\t\t\t<a class=\"elementor-button elementor-button-link elementor-size-sm\" href=\"https:\/\/service.youco-it.com\/help\/de-de\">\n\t\t\t\t\t\t<span class=\"elementor-button-content-wrapper\">\n\t\t\t\t\t\t\t\t\t<span class=\"elementor-button-text\">Hilfeportal<\/span>\n\t\t\t\t\t<\/span>\n\t\t\t\t\t<\/a>\n\t\t\t\t<\/div>\n\t\t\t\t\t\t\t\t<\/div>\n\t\t\t\t<\/div>\n\t\t\t\t<div class=\"elementor-element elementor-element-c065e27 elementor-align-center elementor-widget elementor-widget-button\" data-id=\"c065e27\" data-element_type=\"widget\" data-widget_type=\"button.default\">\n\t\t\t\t<div class=\"elementor-widget-container\">\n\t\t\t\t\t\t\t\t\t<div class=\"elementor-button-wrapper\">\n\t\t\t\t\t<a class=\"elementor-button elementor-button-link elementor-size-sm\" href=\"https:\/\/www.ecstatic-curie.82-165-57-75.plesk.page\/?page_id=3\">\n\t\t\t\t\t\t<span class=\"elementor-button-content-wrapper\">\n\t\t\t\t\t\t\t\t\t<span class=\"elementor-button-text\">Datenschutzerkl\u00e4rung<\/span>\n\t\t\t\t\t<\/span>\n\t\t\t\t\t<\/a>\n\t\t\t\t<\/div>\n\t\t\t\t\t\t\t\t<\/div>\n\t\t\t\t<\/div>\n\t\t\t\t<div class=\"elementor-element elementor-element-fa5080d elementor-align-center elementor-widget elementor-widget-button\" data-id=\"fa5080d\" data-element_type=\"widget\" data-widget_type=\"button.default\">\n\t\t\t\t<div class=\"elementor-widget-container\">\n\t\t\t\t\t\t\t\t\t<div class=\"elementor-button-wrapper\">\n\t\t\t\t\t<a class=\"elementor-button elementor-button-link elementor-size-sm\" href=\"https:\/\/www.ecstatic-curie.82-165-57-75.plesk.page\/?page_id=86\">\n\t\t\t\t\t\t<span class=\"elementor-button-content-wrapper\">\n\t\t\t\t\t\t\t\t\t<span class=\"elementor-button-text\">Impressum<\/span>\n\t\t\t\t\t<\/span>\n\t\t\t\t\t<\/a>\n\t\t\t\t<\/div>\n\t\t\t\t\t\t\t\t<\/div>\n\t\t\t\t<\/div>\n\t\t\t\t<div class=\"elementor-element elementor-element-336d7e1 elementor-align-center elementor-widget elementor-widget-button\" data-id=\"336d7e1\" data-element_type=\"widget\" data-widget_type=\"button.default\">\n\t\t\t\t<div class=\"elementor-widget-container\">\n\t\t\t\t\t\t\t\t\t<div class=\"elementor-button-wrapper\">\n\t\t\t\t\t<a class=\"elementor-button elementor-button-link elementor-size-sm\" href=\"https:\/\/www.ecstatic-curie.82-165-57-75.plesk.page\/?page_id=212\">\n\t\t\t\t\t\t<span class=\"elementor-button-content-wrapper\">\n\t\t\t\t\t\t\t\t\t<span class=\"elementor-button-text\">AGB<\/span>\n\t\t\t\t\t<\/span>\n\t\t\t\t\t<\/a>\n\t\t\t\t<\/div>\n\t\t\t\t\t\t\t\t<\/div>\n\t\t\t\t<\/div>\n\t\t\t\t<div class=\"elementor-element elementor-element-575d9d3 elementor-align-center elementor-widget elementor-widget-button\" data-id=\"575d9d3\" data-element_type=\"widget\" data-widget_type=\"button.default\">\n\t\t\t\t<div class=\"elementor-widget-container\">\n\t\t\t\t\t\t\t\t\t<div class=\"elementor-button-wrapper\">\n\t\t\t\t\t<a class=\"elementor-button elementor-button-link elementor-size-sm\" href=\"https:\/\/www.ecstatic-curie.82-165-57-75.plesk.page\/?page_id=220\">\n\t\t\t\t\t\t<span class=\"elementor-button-content-wrapper\">\n\t\t\t\t\t\t\t\t\t<span class=\"elementor-button-text\">Endnutzerlizenz<\/span>\n\t\t\t\t\t<\/span>\n\t\t\t\t\t<\/a>\n\t\t\t\t<\/div>\n\t\t\t\t\t\t\t\t<\/div>\n\t\t\t\t<\/div>\n\t\t\t\t<div class=\"elementor-element elementor-element-20f9ac8 elementor-align-center elementor-widget elementor-widget-button\" data-id=\"20f9ac8\" data-element_type=\"widget\" data-widget_type=\"button.default\">\n\t\t\t\t<div class=\"elementor-widget-container\">\n\t\t\t\t\t\t\t\t\t<div class=\"elementor-button-wrapper\">\n\t\t\t\t\t<a class=\"elementor-button elementor-button-link elementor-size-sm\" href=\"https:\/\/www.ecstatic-curie.82-165-57-75.plesk.page\/?page_id=225\">\n\t\t\t\t\t\t<span class=\"elementor-button-content-wrapper\">\n\t\t\t\t\t\t\t\t\t<span class=\"elementor-button-text\">Cookies<\/span>\n\t\t\t\t\t<\/span>\n\t\t\t\t\t<\/a>\n\t\t\t\t<\/div>\n\t\t\t\t\t\t\t\t<\/div>\n\t\t\t\t<\/div>\n\t\t\t\t\t<\/div>\n\t\t<\/div>\n\t\t\t\t<div class=\"elementor-column elementor-col-25 elementor-inner-column elementor-element elementor-element-00aedee\" data-id=\"00aedee\" data-element_type=\"column\">\n\t\t\t<div class=\"elementor-widget-wrap elementor-element-populated\">\n\t\t\t\t\t\t<div class=\"elementor-element elementor-element-fe9003b elementor-widget elementor-widget-heading\" data-id=\"fe9003b\" data-element_type=\"widget\" data-widget_type=\"heading.default\">\n\t\t\t\t<div class=\"elementor-widget-container\">\n\t\t\t\t\t<h2 class=\"elementor-heading-title elementor-size-default\">Social<\/h2>\t\t\t\t<\/div>\n\t\t\t\t<\/div>\n\t\t\t\t<div class=\"elementor-element elementor-element-29ec8ba elementor-align-center elementor-widget elementor-widget-button\" data-id=\"29ec8ba\" data-element_type=\"widget\" data-widget_type=\"button.default\">\n\t\t\t\t<div class=\"elementor-widget-container\">\n\t\t\t\t\t\t\t\t\t<div class=\"elementor-button-wrapper\">\n\t\t\t\t\t<a class=\"elementor-button elementor-button-link elementor-size-sm\" href=\"https:\/\/www.facebook.com\/youcogmbh\/?ref=page_internal\">\n\t\t\t\t\t\t<span class=\"elementor-button-content-wrapper\">\n\t\t\t\t\t\t<span class=\"elementor-button-icon\">\n\t\t\t\t<i aria-hidden=\"true\" class=\"fab fa-facebook-square\"><\/i>\t\t\t<\/span>\n\t\t\t\t\t\t\t\t\t<span class=\"elementor-button-text\">Facebook<\/span>\n\t\t\t\t\t<\/span>\n\t\t\t\t\t<\/a>\n\t\t\t\t<\/div>\n\t\t\t\t\t\t\t\t<\/div>\n\t\t\t\t<\/div>\n\t\t\t\t<div class=\"elementor-element elementor-element-6c36137 elementor-align-center elementor-widget elementor-widget-button\" data-id=\"6c36137\" data-element_type=\"widget\" data-widget_type=\"button.default\">\n\t\t\t\t<div class=\"elementor-widget-container\">\n\t\t\t\t\t\t\t\t\t<div class=\"elementor-button-wrapper\">\n\t\t\t\t\t<a class=\"elementor-button elementor-button-link elementor-size-sm\" href=\"https:\/\/www.instagram.com\/youcogmbh\/\">\n\t\t\t\t\t\t<span class=\"elementor-button-content-wrapper\">\n\t\t\t\t\t\t<span class=\"elementor-button-icon\">\n\t\t\t\t<i aria-hidden=\"true\" class=\"icon icon-instagram-1\"><\/i>\t\t\t<\/span>\n\t\t\t\t\t\t\t\t\t<span class=\"elementor-button-text\">Instagram<\/span>\n\t\t\t\t\t<\/span>\n\t\t\t\t\t<\/a>\n\t\t\t\t<\/div>\n\t\t\t\t\t\t\t\t<\/div>\n\t\t\t\t<\/div>\n\t\t\t\t<div class=\"elementor-element elementor-element-0f18aa9 elementor-align-center elementor-widget elementor-widget-button\" data-id=\"0f18aa9\" data-element_type=\"widget\" data-widget_type=\"button.default\">\n\t\t\t\t<div class=\"elementor-widget-container\">\n\t\t\t\t\t\t\t\t\t<div class=\"elementor-button-wrapper\">\n\t\t\t\t\t<a class=\"elementor-button elementor-button-link elementor-size-sm\" href=\"https:\/\/twitter.com\/YoucoGmbH\">\n\t\t\t\t\t\t<span class=\"elementor-button-content-wrapper\">\n\t\t\t\t\t\t<span class=\"elementor-button-icon\">\n\t\t\t\t<i aria-hidden=\"true\" class=\"icon icon-twitter\"><\/i>\t\t\t<\/span>\n\t\t\t\t\t\t\t\t\t<span class=\"elementor-button-text\">Twitter<\/span>\n\t\t\t\t\t<\/span>\n\t\t\t\t\t<\/a>\n\t\t\t\t<\/div>\n\t\t\t\t\t\t\t\t<\/div>\n\t\t\t\t<\/div>\n\t\t\t\t<div class=\"elementor-element elementor-element-36ed60a elementor-align-center elementor-widget elementor-widget-button\" data-id=\"36ed60a\" data-element_type=\"widget\" data-widget_type=\"button.default\">\n\t\t\t\t<div class=\"elementor-widget-container\">\n\t\t\t\t\t\t\t\t\t<div class=\"elementor-button-wrapper\">\n\t\t\t\t\t<a class=\"elementor-button elementor-button-link elementor-size-sm\" href=\"https:\/\/www.linkedin.com\/company\/youco-gmbh\/about\/\">\n\t\t\t\t\t\t<span class=\"elementor-button-content-wrapper\">\n\t\t\t\t\t\t<span class=\"elementor-button-icon\">\n\t\t\t\t<i aria-hidden=\"true\" class=\"fab fa-linkedin\"><\/i>\t\t\t<\/span>\n\t\t\t\t\t\t\t\t\t<span class=\"elementor-button-text\">Linkedin<\/span>\n\t\t\t\t\t<\/span>\n\t\t\t\t\t<\/a>\n\t\t\t\t<\/div>\n\t\t\t\t\t\t\t\t<\/div>\n\t\t\t\t<\/div>\n\t\t\t\t\t<\/div>\n\t\t<\/div>\n\t\t\t\t\t<\/div>\n\t\t<\/section>\n\t\t\t\t\t<\/div>\n\t\t<\/div>\n\t\t\t\t\t<\/div>\n\t\t<\/section>\n\t\t\t\t<\/div>\n\t\t","protected":false},"excerpt":{"rendered":"<p>Allgemeine gesch\u00e4ftsbedingungen Allgemeine Gesch\u00e4ftsbedingungen Kontaktieren Sie uns, falls Sie einen Einblick in die AGB haben m\u00f6chten. Zur\u00fcck zur startseite Links Home Kontakt Information Hilfeportal Datenschutzerkl\u00e4rung Impressum AGB Endnutzerlizenz Cookies Social Facebook Instagram Twitter Linkedin<\/p>\n","protected":false},"author":1,"featured_media":0,"parent":0,"menu_order":0,"comment_status":"closed","ping_status":"closed","template":"elementor_header_footer","meta":{"footnotes":""},"class_list":["post-212","page","type-page","status-publish","hentry"],"yoast_head":"<!-- This site is optimized with the Yoast SEO plugin v24.5 - https:\/\/yoast.com\/wordpress\/plugins\/seo\/ -->\n<title>AGB - Checkpoint<\/title>\n<meta name=\"robots\" content=\"index, follow, max-snippet:-1, max-image-preview:large, max-video-preview:-1\" \/>\n<link rel=\"canonical\" href=\"https:\/\/www.ecstatic-curie.82-165-57-75.plesk.page\/?page_id=212\" \/>\n<meta property=\"og:locale\" content=\"de_DE\" \/>\n<meta property=\"og:type\" content=\"article\" \/>\n<meta property=\"og:title\" content=\"AGB - Checkpoint\" \/>\n<meta property=\"og:description\" content=\"Allgemeine gesch\u00e4ftsbedingungen Allgemeine Gesch\u00e4ftsbedingungen Kontaktieren Sie uns, falls Sie einen Einblick in die AGB haben m\u00f6chten. Zur\u00fcck zur startseite Links Home Kontakt Information Hilfeportal Datenschutzerkl\u00e4rung Impressum AGB Endnutzerlizenz Cookies Social Facebook Instagram Twitter Linkedin\" \/>\n<meta property=\"og:url\" content=\"https:\/\/www.ecstatic-curie.82-165-57-75.plesk.page\/?page_id=212\" \/>\n<meta property=\"og:site_name\" content=\"Checkpoint\" \/>\n<meta property=\"article:modified_time\" content=\"2021-07-06T09:04:51+00:00\" \/>\n<meta property=\"og:image\" content=\"https:\/\/www.ecstatic-curie.82-165-57-75.plesk.page\/wp-content\/uploads\/2021\/06\/logo.png\" \/>\n<meta name=\"twitter:card\" content=\"summary_large_image\" \/>\n<meta name=\"twitter:label1\" content=\"Gesch\u00e4tzte Lesezeit\" \/>\n\t<meta name=\"twitter:data1\" content=\"1\u00a0Minute\" \/>\n<script type=\"application\/ld+json\" class=\"yoast-schema-graph\">{\"@context\":\"https:\/\/schema.org\",\"@graph\":[{\"@type\":\"WebPage\",\"@id\":\"https:\/\/www.ecstatic-curie.82-165-57-75.plesk.page\/?page_id=212\",\"url\":\"https:\/\/www.ecstatic-curie.82-165-57-75.plesk.page\/?page_id=212\",\"name\":\"AGB - Checkpoint\",\"isPartOf\":{\"@id\":\"https:\/\/www.ecstatic-curie.82-165-57-75.plesk.page\/#website\"},\"primaryImageOfPage\":{\"@id\":\"https:\/\/www.ecstatic-curie.82-165-57-75.plesk.page\/?page_id=212#primaryimage\"},\"image\":{\"@id\":\"https:\/\/www.ecstatic-curie.82-165-57-75.plesk.page\/?page_id=212#primaryimage\"},\"thumbnailUrl\":\"https:\/\/www.ecstatic-curie.82-165-57-75.plesk.page\/wp-content\/uploads\/2021\/06\/logo.png\",\"datePublished\":\"2021-07-06T08:46:28+00:00\",\"dateModified\":\"2021-07-06T09:04:51+00:00\",\"breadcrumb\":{\"@id\":\"https:\/\/www.ecstatic-curie.82-165-57-75.plesk.page\/?page_id=212#breadcrumb\"},\"inLanguage\":\"de\",\"potentialAction\":[{\"@type\":\"ReadAction\",\"target\":[\"https:\/\/www.ecstatic-curie.82-165-57-75.plesk.page\/?page_id=212\"]}]},{\"@type\":\"ImageObject\",\"inLanguage\":\"de\",\"@id\":\"https:\/\/www.ecstatic-curie.82-165-57-75.plesk.page\/?page_id=212#primaryimage\",\"url\":\"https:\/\/www.ecstatic-curie.82-165-57-75.plesk.page\/wp-content\/uploads\/2021\/06\/logo.png\",\"contentUrl\":\"https:\/\/www.ecstatic-curie.82-165-57-75.plesk.page\/wp-content\/uploads\/2021\/06\/logo.png\",\"width\":500,\"height\":90},{\"@type\":\"BreadcrumbList\",\"@id\":\"https:\/\/www.ecstatic-curie.82-165-57-75.plesk.page\/?page_id=212#breadcrumb\",\"itemListElement\":[{\"@type\":\"ListItem\",\"position\":1,\"name\":\"Startseite\",\"item\":\"https:\/\/www.ecstatic-curie.82-165-57-75.plesk.page\/\"},{\"@type\":\"ListItem\",\"position\":2,\"name\":\"AGB\"}]},{\"@type\":\"WebSite\",\"@id\":\"https:\/\/www.ecstatic-curie.82-165-57-75.plesk.page\/#website\",\"url\":\"https:\/\/www.ecstatic-curie.82-165-57-75.plesk.page\/\",\"name\":\"Checkpoint\",\"description\":\"\",\"potentialAction\":[{\"@type\":\"SearchAction\",\"target\":{\"@type\":\"EntryPoint\",\"urlTemplate\":\"https:\/\/www.ecstatic-curie.82-165-57-75.plesk.page\/?s={search_term_string}\"},\"query-input\":{\"@type\":\"PropertyValueSpecification\",\"valueRequired\":true,\"valueName\":\"search_term_string\"}}],\"inLanguage\":\"de\"}]}<\/script>\n<!-- \/ Yoast SEO plugin. -->","yoast_head_json":{"title":"AGB - Checkpoint","robots":{"index":"index","follow":"follow","max-snippet":"max-snippet:-1","max-image-preview":"max-image-preview:large","max-video-preview":"max-video-preview:-1"},"canonical":"https:\/\/www.ecstatic-curie.82-165-57-75.plesk.page\/?page_id=212","og_locale":"de_DE","og_type":"article","og_title":"AGB - Checkpoint","og_description":"Allgemeine gesch\u00e4ftsbedingungen Allgemeine Gesch\u00e4ftsbedingungen Kontaktieren Sie uns, falls Sie einen Einblick in die AGB haben m\u00f6chten. Zur\u00fcck zur startseite Links Home Kontakt Information Hilfeportal Datenschutzerkl\u00e4rung Impressum AGB Endnutzerlizenz Cookies Social Facebook Instagram Twitter Linkedin","og_url":"https:\/\/www.ecstatic-curie.82-165-57-75.plesk.page\/?page_id=212","og_site_name":"Checkpoint","article_modified_time":"2021-07-06T09:04:51+00:00","og_image":[{"url":"https:\/\/www.ecstatic-curie.82-165-57-75.plesk.page\/wp-content\/uploads\/2021\/06\/logo.png","type":"","width":"","height":""}],"twitter_card":"summary_large_image","twitter_misc":{"Gesch\u00e4tzte Lesezeit":"1\u00a0Minute"},"schema":{"@context":"https:\/\/schema.org","@graph":[{"@type":"WebPage","@id":"https:\/\/www.ecstatic-curie.82-165-57-75.plesk.page\/?page_id=212","url":"https:\/\/www.ecstatic-curie.82-165-57-75.plesk.page\/?page_id=212","name":"AGB - Checkpoint","isPartOf":{"@id":"https:\/\/www.ecstatic-curie.82-165-57-75.plesk.page\/#website"},"primaryImageOfPage":{"@id":"https:\/\/www.ecstatic-curie.82-165-57-75.plesk.page\/?page_id=212#primaryimage"},"image":{"@id":"https:\/\/www.ecstatic-curie.82-165-57-75.plesk.page\/?page_id=212#primaryimage"},"thumbnailUrl":"https:\/\/www.ecstatic-curie.82-165-57-75.plesk.page\/wp-content\/uploads\/2021\/06\/logo.png","datePublished":"2021-07-06T08:46:28+00:00","dateModified":"2021-07-06T09:04:51+00:00","breadcrumb":{"@id":"https:\/\/www.ecstatic-curie.82-165-57-75.plesk.page\/?page_id=212#breadcrumb"},"inLanguage":"de","potentialAction":[{"@type":"ReadAction","target":["https:\/\/www.ecstatic-curie.82-165-57-75.plesk.page\/?page_id=212"]}]},{"@type":"ImageObject","inLanguage":"de","@id":"https:\/\/www.ecstatic-curie.82-165-57-75.plesk.page\/?page_id=212#primaryimage","url":"https:\/\/www.ecstatic-curie.82-165-57-75.plesk.page\/wp-content\/uploads\/2021\/06\/logo.png","contentUrl":"https:\/\/www.ecstatic-curie.82-165-57-75.plesk.page\/wp-content\/uploads\/2021\/06\/logo.png","width":500,"height":90},{"@type":"BreadcrumbList","@id":"https:\/\/www.ecstatic-curie.82-165-57-75.plesk.page\/?page_id=212#breadcrumb","itemListElement":[{"@type":"ListItem","position":1,"name":"Startseite","item":"https:\/\/www.ecstatic-curie.82-165-57-75.plesk.page\/"},{"@type":"ListItem","position":2,"name":"AGB"}]},{"@type":"WebSite","@id":"https:\/\/www.ecstatic-curie.82-165-57-75.plesk.page\/#website","url":"https:\/\/www.ecstatic-curie.82-165-57-75.plesk.page\/","name":"Checkpoint","description":"","potentialAction":[{"@type":"SearchAction","target":{"@type":"EntryPoint","urlTemplate":"https:\/\/www.ecstatic-curie.82-165-57-75.plesk.page\/?s={search_term_string}"},"query-input":{"@type":"PropertyValueSpecification","valueRequired":true,"valueName":"search_term_string"}}],"inLanguage":"de"}]}},"_links":{"self":[{"href":"https:\/\/www.ecstatic-curie.82-165-57-75.plesk.page\/index.php?rest_route=\/wp\/v2\/pages\/212","targetHints":{"allow":["GET"]}}],"collection":[{"href":"https:\/\/www.ecstatic-curie.82-165-57-75.plesk.page\/index.php?rest_route=\/wp\/v2\/pages"}],"about":[{"href":"https:\/\/www.ecstatic-curie.82-165-57-75.plesk.page\/index.php?rest_route=\/wp\/v2\/types\/page"}],"author":[{"embeddable":true,"href":"https:\/\/www.ecstatic-curie.82-165-57-75.plesk.page\/index.php?rest_route=\/wp\/v2\/users\/1"}],"replies":[{"embeddable":true,"href":"https:\/\/www.ecstatic-curie.82-165-57-75.plesk.page\/index.php?rest_route=%2Fwp%2Fv2%2Fcomments&post=212"}],"version-history":[{"count":7,"href":"https:\/\/www.ecstatic-curie.82-165-57-75.plesk.page\/index.php?rest_route=\/wp\/v2\/pages\/212\/revisions"}],"predecessor-version":[{"id":254,"href":"https:\/\/www.ecstatic-curie.82-165-57-75.plesk.page\/index.php?rest_route=\/wp\/v2\/pages\/212\/revisions\/254"}],"wp:attachment":[{"href":"https:\/\/www.ecstatic-curie.82-165-57-75.plesk.page\/index.php?rest_route=%2Fwp%2Fv2%2Fmedia&parent=212"}],"curies":[{"name":"wp","href":"https:\/\/api.w.org\/{rel}","templated":true}]}}